{"id":1000,"date":"2023-07-11T17:24:51","date_gmt":"2023-07-11T17:24:51","guid":{"rendered":"https:\/\/monacomediterranee.mc\/?page_id=1000"},"modified":"2023-07-17T20:19:43","modified_gmt":"2023-07-17T20:19:43","slug":"exposants-italy","status":"publish","type":"page","link":"https:\/\/monacomediterranee.mc\/fr\/exposants-italy\/","title":{"rendered":"Italie"},"content":{"rendered":"<p><section class=\"kc-elm kc-css-960796 kc_row\"><div class=\"kc-row-container\"><div class=\"kc-wrap-columns\"><div class=\"kc-elm kc-css-239476 kc_col-sm-12 kc_column kc_col-sm-12\"><div class=\"kc-col-container\"><!-- Welcome Section -->\n\n<section class=\"event-page-header event-page__two\" >\n    \n    <section class=\"event-sorting event-page-three\">\n        <div class=\"container\">\n        \t<h2 class=\"inner-banner__title\">EXPOSANTS<\/h2><!-- \/.inner-banner__title -->\n\t\t\t<p class=\"inner-banner__text\">Nor again is there anyone who loves pursues or desires obtain.<\/p>\n                    <\/div><!-- \/.container -->\n    <\/section><!-- \/.event-sorting -->\n        <form class=\"collection-search event-page\" action=\"https:\/\/monacomediterranee.mc\/fr\/\" method=\"get\" data-trp-original-action=\"https:\/\/monacomediterranee.mc\/fr\/\">\n    \t<div class=\"container\">\n            <div class=\"inner-container\">\n                <div class=\"collection-search__outer\">\n                    <div class=\"collection-search__field\">\n                        <input type=\"text\" name=\"s\" id=\"s\" placeholder=\"Enter Event\">\n                    <\/div><!-- \/.collection-search__field -->\n                    <div class=\"collection-search__field\">\n                        <select  name='event_category' id='event_category' class='selectpicker'>\n\t<option class=\"level-0\" value=\"exhibitors-page\">Exposants<\/option>\n\t<option class=\"level-0\" value=\"exhibitors-monaco\">Monaco<\/option>\n\t<option class=\"level-0\" value=\"exhibitors-france\">France<\/option>\n\t<option class=\"level-0\" value=\"exhibitors-italy\">Italie<\/option>\n\t<option class=\"level-0\" value=\"exhibitors-lebanon\">Liban<\/option>\n\t<option class=\"level-0\" value=\"exhibitors-greece\">Grece<\/option>\n\t<option class=\"level-0\" value=\"exhibitors-morocco\">Maroc<\/option>\n\t<option class=\"level-0\" value=\"edition-2023\">Edition 2023<\/option>\n<\/select>\n                    <\/div><!-- \/.collection-search__field -->\n                <\/div><!-- \/.collection-search__outer -->\n                <button type=\"submit\" class=\"thm-btn collection-search__btn\">Find Event<\/button>\n            <\/div><!-- \/.inner-container -->\n        <\/div><!-- \/.container -->\n    <input type=\"hidden\" name=\"trp-form-language\" value=\"fr\"\/><\/form><!-- \/.collection-serch -->\n    <\/section><!-- \/.event-page-header --><\/div><\/div><\/div><\/div><\/section><section class=\"kc-elm kc-css-940150 kc_row\"><div class=\"kc-row-container  kc-container\"><div class=\"kc-wrap-columns\"><div class=\"kc-elm kc-css-320564 kc_col-sm-12 kc_column kc_col-sm-12\"><div class=\"kc-col-container\">\n\n<section class=\"event-four\">\n    <div class=\"container\">\n        <div class=\"row\">\n                        <div class=\"col-lg-6 col-md-6 col-sm-12\">\n                <div class=\"event-four__single\">\n                    <div class=\"event-four__image\">\n                        <img loading=\"lazy\" decoding=\"async\" width=\"570\" height=\"429\" src=\"https:\/\/monacomediterranee.mc\/wp-content\/uploads\/2023\/07\/andrewvianello-scaled-e1690806851992-570x429.jpg\" class=\"attachment-egypt_570x429 size-egypt_570x429 wp-post-image\" alt=\"\" \/>                                                <span class=\"event-four__cat\">Edition 2023, Italy<\/span>\n                    <\/div><!-- \/.event-four__image -->\n                    <div class=\"event-four__content\">\n                        <h3 class=\"event-four__title\"><a href=\"\">Andrew Vianello<\/a><\/h3><!-- \/.event-four__title -->\n            \t\t\t                        <p class=\"extra event-four__list list-unstyled\"><p>Andrew vit et travaille entre Paris, Milan et Venise. \u00c0 Paris depuis septembre 2015, il a commenc\u00e9 \u00e0 travailler sur la marque, \"Profilo\" en tant que directeur artistique tout en suivant le d\u00e9veloppement marketing. La collection est produite \u00e0 Venise, et se compose \u00e0 partir de fils m\u00e9talliques d'objets \u00e0 la fois d\u00e9coratifs et utilitaires pour la maison. Pour compl\u00e9ter le savoir-faire d'Andrew, il poss\u00e8de une habilet\u00e9 manuelle qui lui permet de travailler le papier, le m\u00e9tal, le plexiglas et la peinture sur toutes les surfaces. Il d\u00e9veloppe des produits artistiques: incisions au pantographe sur m\u00e9tal.<\/p>\n<\/p>\n\t\t\t\t\t\t<!-- <ul class=\"event-four__list list-unstyled\">\n                            <li>\n                                <span>Date &amp; Time<\/span>\n                                <p><i class=\"fa fa-clock-o\"><\/i> , <\/p>\n                            <\/li>\n                            <li>\n                                <span>Location<\/span>\n                                <p><i class=\"fa fa-location-arrow\"><\/i> <\/p>\n                            <\/li>\n                        <\/ul>--> <!-- \/.event-four__list -->\n                        <a href=\"https:\/\/instagram.com\/profilo_andrewvianello?igshid=MzRlODBiNWFlZA==\" target=\"_blank\" class=\"thm-btn event-four__btn\"><i class=\"fa fa-instagram\" style=\"vertical-align: text-bottom;\"><\/i> Instagram<\/a>\n                    <\/div><!-- \/.event-four__content -->\n                <\/div><!-- \/.event-four__single -->\n            <\/div><!-- \/.col-lg-6 col-md-6 -->\n                        <div class=\"col-lg-6 col-md-6 col-sm-12\">\n                <div class=\"event-four__single\">\n                    <div class=\"event-four__image\">\n                        <img loading=\"lazy\" decoding=\"async\" width=\"570\" height=\"429\" src=\"https:\/\/monacomediterranee.mc\/wp-content\/uploads\/2023\/08\/380D0D96-5982-40C3-BB0E-A0ED8B12B9EE-570x429.jpeg\" class=\"attachment-egypt_570x429 size-egypt_570x429 wp-post-image\" alt=\"\" \/>                                                <span class=\"event-four__cat\">Edition 2023, Italy<\/span>\n                    <\/div><!-- \/.event-four__image -->\n                    <div class=\"event-four__content\">\n                        <h3 class=\"event-four__title\"><a href=\"\">Olio Ansaldi<\/a><\/h3><!-- \/.event-four__title -->\n            \t\t\t                        <p class=\"extra event-four__list list-unstyled\"><p>L'entreprise Ansaldi produit exclusivement de l'huile d'olive extra- vierge \u00e0 partir d'olives de la vari\u00e9t\u00e9 Taggiasca. Les oliveraies sont situ\u00e9es pour la plupart dans la commune de Lucinasco et pour certaines dans la commune de Borgomaro, dans les collines de Beigne Imperia. L'entreprise est g\u00e9r\u00e9e par la famille, ce qui explique le soin apport\u00e9 \u00e0 chaque d\u00e9tail : de la r\u00e9colte des olives au pressage et \u00e0 la mise en bouteille.<\/p>\n<\/p>\n\t\t\t\t\t\t<!-- <ul class=\"event-four__list list-unstyled\">\n                            <li>\n                                <span>Date &amp; Time<\/span>\n                                <p><i class=\"fa fa-clock-o\"><\/i> , <\/p>\n                            <\/li>\n                            <li>\n                                <span>Location<\/span>\n                                <p><i class=\"fa fa-location-arrow\"><\/i> <\/p>\n                            <\/li>\n                        <\/ul>--> <!-- \/.event-four__list -->\n                        <a href=\"https:\/\/instagram.com\/olio.ansaldi?igshid=MzRlODBiNWFlZA==\" target=\"_blank\" class=\"thm-btn event-four__btn\"><i class=\"fa fa-instagram\" style=\"vertical-align: text-bottom;\"><\/i> Instagram<\/a>\n                    <\/div><!-- \/.event-four__content -->\n                <\/div><!-- \/.event-four__single -->\n            <\/div><!-- \/.col-lg-6 col-md-6 -->\n                        <div class=\"col-lg-6 col-md-6 col-sm-12\">\n                <div class=\"event-four__single\">\n                    <div class=\"event-four__image\">\n                        <img loading=\"lazy\" decoding=\"async\" width=\"570\" height=\"429\" src=\"https:\/\/monacomediterranee.mc\/wp-content\/uploads\/2023\/09\/15203E3B-C0E7-4E97-95A3-03DF461BF289-570x429.jpeg\" class=\"attachment-egypt_570x429 size-egypt_570x429 wp-post-image\" alt=\"\" \/>                                                <span class=\"event-four__cat\">Edition 2023, Italy<\/span>\n                    <\/div><!-- \/.event-four__image -->\n                    <div class=\"event-four__content\">\n                        <h3 class=\"event-four__title\"><a href=\"\">Barbarsa Gin<\/a><\/h3><!-- \/.event-four__title -->\n            \t\t\t                        <p class=\"extra event-four__list list-unstyled\"><p>The taste of Barbarasa gin is full and balanced, the result of a recipe featuring 13 botanicals in addition to juniper, designed down to the last detail to make every sip a pleasurable experience.<br \/>\nAs you sip it, you&#8217;ll be carried away by the citrus notes of fresh lemon and grapefruit peel, mingling with the sweetness of goji berries, perfumed by the Mediterranean scents of rosemary, olive leaves and myrtle, with a final touch of spicy freshness provided by ginger, coriander seeds, black pepper and green cardamom.<br \/>\nThis is a 100% organic artisan gin, made from strictly Italian juniper and selected organic ingredients, mainly from the Riviera Ligure dei Fiori.<\/p>\n<p>&nbsp;<\/p>\n<\/p>\n\t\t\t\t\t\t<!-- <ul class=\"event-four__list list-unstyled\">\n                            <li>\n                                <span>Date &amp; Time<\/span>\n                                <p><i class=\"fa fa-clock-o\"><\/i> , <\/p>\n                            <\/li>\n                            <li>\n                                <span>Location<\/span>\n                                <p><i class=\"fa fa-location-arrow\"><\/i> <\/p>\n                            <\/li>\n                        <\/ul>--> <!-- \/.event-four__list -->\n                        <a href=\"https:\/\/instagram.com\/barbarasa_gin?igshid=MzRlODBiNWFlZA==\" target=\"_blank\" class=\"thm-btn event-four__btn\"><i class=\"fa fa-instagram\" style=\"vertical-align: text-bottom;\"><\/i> Instagram<\/a>\n                    <\/div><!-- \/.event-four__content -->\n                <\/div><!-- \/.event-four__single -->\n            <\/div><!-- \/.col-lg-6 col-md-6 -->\n                    <\/div><!-- \/.row -->\n        <div class=\"post-pagination post-pagination__two\">\n                    <\/div><!-- \/.post-pagination -->\n    <\/div><!-- \/.container -->\n<\/section><!-- \/.event-four -->\n\n<\/div><\/div><\/div><\/div><\/section><\/p>","protected":false},"excerpt":{"rendered":"","protected":false},"author":1,"featured_media":0,"parent":0,"menu_order":0,"comment_status":"closed","ping_status":"closed","template":"tpl-king_composer.php","meta":{"om_disable_all_campaigns":false,"_monsterinsights_skip_tracking":false,"_monsterinsights_sitenote_active":false,"_monsterinsights_sitenote_note":"","_monsterinsights_sitenote_category":0,"cybocfi_hide_featured_image":"","footnotes":""},"class_list":["post-1000","page","type-page","status-publish","hentry"],"aioseo_notices":[],"_links":{"self":[{"href":"https:\/\/monacomediterranee.mc\/fr\/wp-json\/wp\/v2\/pages\/1000","targetHints":{"allow":["GET"]}}],"collection":[{"href":"https:\/\/monacomediterranee.mc\/fr\/wp-json\/wp\/v2\/pages"}],"about":[{"href":"https:\/\/monacomediterranee.mc\/fr\/wp-json\/wp\/v2\/types\/page"}],"author":[{"embeddable":true,"href":"https:\/\/monacomediterranee.mc\/fr\/wp-json\/wp\/v2\/users\/1"}],"replies":[{"embeddable":true,"href":"https:\/\/monacomediterranee.mc\/fr\/wp-json\/wp\/v2\/comments?post=1000"}],"version-history":[{"count":3,"href":"https:\/\/monacomediterranee.mc\/fr\/wp-json\/wp\/v2\/pages\/1000\/revisions"}],"predecessor-version":[{"id":1403,"href":"https:\/\/monacomediterranee.mc\/fr\/wp-json\/wp\/v2\/pages\/1000\/revisions\/1403"}],"wp:attachment":[{"href":"https:\/\/monacomediterranee.mc\/fr\/wp-json\/wp\/v2\/media?parent=1000"}],"curies":[{"name":"wp","href":"https:\/\/api.w.org\/{rel}","templated":true}]}}