{"id":1007,"date":"2023-07-11T17:27:47","date_gmt":"2023-07-11T17:27:47","guid":{"rendered":"https:\/\/monacomediterranee.mc\/?page_id=1007"},"modified":"2023-07-11T17:28:11","modified_gmt":"2023-07-11T17:28:11","slug":"exposants-greece","status":"publish","type":"page","link":"https:\/\/monacomediterranee.mc\/fr\/exposants-greece\/","title":{"rendered":"Grece"},"content":{"rendered":"<p><section class=\"kc-elm kc-css-312393 kc_row\"><div class=\"kc-row-container\"><div class=\"kc-wrap-columns\"><div class=\"kc-elm kc-css-393862 kc_col-sm-12 kc_column kc_col-sm-12\"><div class=\"kc-col-container\"><!-- Welcome Section -->\n\n<section class=\"event-page-header event-page__two\" >\n    \n    <section class=\"event-sorting event-page-three\">\n        <div class=\"container\">\n        \t<h2 class=\"inner-banner__title\">EXPOSANTS<\/h2><!-- \/.inner-banner__title -->\n\t\t\t<p class=\"inner-banner__text\">Nor again is there anyone who loves pursues or desires obtain.<\/p>\n                    <\/div><!-- \/.container -->\n    <\/section><!-- \/.event-sorting -->\n        <form class=\"collection-search event-page\" action=\"https:\/\/monacomediterranee.mc\/fr\/\" method=\"get\" data-trp-original-action=\"https:\/\/monacomediterranee.mc\/fr\/\">\n    \t<div class=\"container\">\n            <div class=\"inner-container\">\n                <div class=\"collection-search__outer\">\n                    <div class=\"collection-search__field\">\n                        <input type=\"text\" name=\"s\" id=\"s\" placeholder=\"Enter Event\">\n                    <\/div><!-- \/.collection-search__field -->\n                    <div class=\"collection-search__field\">\n                        <select  name='event_category' id='event_category' class='selectpicker'>\n\t<option class=\"level-0\" value=\"exhibitors-page\">Exposants<\/option>\n\t<option class=\"level-0\" value=\"exhibitors-monaco\">Monaco<\/option>\n\t<option class=\"level-0\" value=\"exhibitors-france\">France<\/option>\n\t<option class=\"level-0\" value=\"exhibitors-italy\">Italie<\/option>\n\t<option class=\"level-0\" value=\"exhibitors-lebanon\">Liban<\/option>\n\t<option class=\"level-0\" value=\"exhibitors-greece\">Grece<\/option>\n\t<option class=\"level-0\" value=\"exhibitors-morocco\">Maroc<\/option>\n\t<option class=\"level-0\" value=\"edition-2023\">Edition 2023<\/option>\n<\/select>\n                    <\/div><!-- \/.collection-search__field -->\n                <\/div><!-- \/.collection-search__outer -->\n                <button type=\"submit\" class=\"thm-btn collection-search__btn\">Find Event<\/button>\n            <\/div><!-- \/.inner-container -->\n        <\/div><!-- \/.container -->\n    <input type=\"hidden\" name=\"trp-form-language\" value=\"fr\"\/><\/form><!-- \/.collection-serch -->\n    <\/section><!-- \/.event-page-header --><\/div><\/div><\/div><\/div><\/section><section class=\"kc-elm kc-css-495818 kc_row\"><div class=\"kc-row-container  kc-container\"><div class=\"kc-wrap-columns\"><div class=\"kc-elm kc-css-594709 kc_col-sm-12 kc_column kc_col-sm-12\"><div class=\"kc-col-container\">\n\n<section class=\"event-four\">\n    <div class=\"container\">\n        <div class=\"row\">\n                        <div class=\"col-lg-6 col-md-6 col-sm-12\">\n                <div class=\"event-four__single\">\n                    <div class=\"event-four__image\">\n                        <img loading=\"lazy\" decoding=\"async\" width=\"570\" height=\"429\" src=\"https:\/\/monacomediterranee.mc\/wp-content\/uploads\/2020\/01\/IMG_0088-570x429.jpg\" class=\"attachment-egypt_570x429 size-egypt_570x429 wp-post-image\" alt=\"\" \/>                                                <span class=\"event-four__cat\">Edition 2023, Greece<\/span>\n                    <\/div><!-- \/.event-four__image -->\n                    <div class=\"event-four__content\">\n                        <h3 class=\"event-four__title\"><a href=\"\">MyCrown<\/a><\/h3><!-- \/.event-four__title -->\n            \t\t\t                        <p class=\"extra event-four__list list-unstyled\"><p class=\"translation-block\">Le concept est n\u00e9 pendant la pand\u00e9mie, par l'entrepreneur cr\u00e9atif Sophia Vaharis Tsouvelekakis, en les transformant en coussins ou en serviettes de table s'est transform\u00e9 en une activit\u00e9 ax\u00e9e sur des accessoires \u00e9l\u00e9gants, uniques, fabriqu\u00e9s \u00e0 la main et personnalis\u00e9s\npour la maison et les yachts.<\/p>\n<\/p>\n\t\t\t\t\t\t<!-- <ul class=\"event-four__list list-unstyled\">\n                            <li>\n                                <span>Date &amp; Time<\/span>\n                                <p><i class=\"fa fa-clock-o\"><\/i> , <\/p>\n                            <\/li>\n                            <li>\n                                <span>Location<\/span>\n                                <p><i class=\"fa fa-location-arrow\"><\/i> <\/p>\n                            <\/li>\n                        <\/ul>--> <!-- \/.event-four__list -->\n                        <a href=\"https:\/\/instagram.com\/mycrown_collection?igshid=MzRlODBiNWFlZA==\" target=\"_blank\" class=\"thm-btn event-four__btn\"><i class=\"fa fa-instagram\" style=\"vertical-align: text-bottom;\"><\/i> Instagram<\/a>\n                    <\/div><!-- \/.event-four__content -->\n                <\/div><!-- \/.event-four__single -->\n            <\/div><!-- \/.col-lg-6 col-md-6 -->\n                        <div class=\"col-lg-6 col-md-6 col-sm-12\">\n                <div class=\"event-four__single\">\n                    <div class=\"event-four__image\">\n                        <img loading=\"lazy\" decoding=\"async\" width=\"570\" height=\"429\" src=\"https:\/\/monacomediterranee.mc\/wp-content\/uploads\/2023\/07\/SHOWROOM-7-HOFA-570x429.jpeg\" class=\"attachment-egypt_570x429 size-egypt_570x429 wp-post-image\" alt=\"\" srcset=\"https:\/\/monacomediterranee.mc\/wp-content\/uploads\/2023\/07\/SHOWROOM-7-HOFA-570x429.jpeg 570w, https:\/\/monacomediterranee.mc\/wp-content\/uploads\/2023\/07\/SHOWROOM-7-HOFA-300x225.jpeg 300w, https:\/\/monacomediterranee.mc\/wp-content\/uploads\/2023\/07\/SHOWROOM-7-HOFA-1024x768.jpeg 1024w, https:\/\/monacomediterranee.mc\/wp-content\/uploads\/2023\/07\/SHOWROOM-7-HOFA-768x576.jpeg 768w, https:\/\/monacomediterranee.mc\/wp-content\/uploads\/2023\/07\/SHOWROOM-7-HOFA-16x12.jpeg 16w, https:\/\/monacomediterranee.mc\/wp-content\/uploads\/2023\/07\/SHOWROOM-7-HOFA-600x450.jpeg 600w, https:\/\/monacomediterranee.mc\/wp-content\/uploads\/2023\/07\/SHOWROOM-7-HOFA.jpeg 1280w\" sizes=\"auto, (max-width: 570px) 100vw, 570px\" \/>                                                <span class=\"event-four__cat\">Edition 2023, Greece<\/span>\n                    <\/div><!-- \/.event-four__image -->\n                    <div class=\"event-four__content\">\n                        <h3 class=\"event-four__title\"><a href=\"\">YellowKorner<\/a><\/h3><!-- \/.event-four__title -->\n            \t\t\t                        <p class=\"extra event-four__list list-unstyled\"><p class=\"translation-block\">YellowKorner se positionne comme un r\u00e9v\u00e9lateur d\u2019\u00e9motions ayant\npour ambition de d\u00e9mocratiser la photographie d\u2019art et de la rendre accessible \u00e0 tous.\nPhotographies en \u00e9ditions limit\u00e9es et num\u00e9rot\u00e9es accompagn\u00e9es d\u2019un certificat d\u2019authenticit\u00e9. Une volont\u00e9 de promouvoir des artistes de renomm\u00e9e et \u00e9galement des\nphotographes \u00e9mergents. L\u2019expertise de leur laboratoire garantit un savoir-faire artisanal unique et des tirages argentiques de haute qualit\u00e9.<\/p>\n<\/p>\n\t\t\t\t\t\t<!-- <ul class=\"event-four__list list-unstyled\">\n                            <li>\n                                <span>Date &amp; Time<\/span>\n                                <p><i class=\"fa fa-clock-o\"><\/i> , <\/p>\n                            <\/li>\n                            <li>\n                                <span>Location<\/span>\n                                <p><i class=\"fa fa-location-arrow\"><\/i> <\/p>\n                            <\/li>\n                        <\/ul>--> <!-- \/.event-four__list -->\n                        <a href=\"https:\/\/instagram.com\/yellowkorner_montecarlo?igshid=MzRlODBiNWFlZA==\" target=\"_blank\" class=\"thm-btn event-four__btn\"><i class=\"fa fa-instagram\" style=\"vertical-align: text-bottom;\"><\/i> Instagram<\/a>\n                    <\/div><!-- \/.event-four__content -->\n                <\/div><!-- \/.event-four__single -->\n            <\/div><!-- \/.col-lg-6 col-md-6 -->\n                        <div class=\"col-lg-6 col-md-6 col-sm-12\">\n                <div class=\"event-four__single\">\n                    <div class=\"event-four__image\">\n                        <img loading=\"lazy\" decoding=\"async\" width=\"570\" height=\"429\" src=\"https:\/\/monacomediterranee.mc\/wp-content\/uploads\/2023\/07\/IMG_9467-570x429.jpg\" class=\"attachment-egypt_570x429 size-egypt_570x429 wp-post-image\" alt=\"\" \/>                                                <span class=\"event-four__cat\">Edition 2023, Greece<\/span>\n                    <\/div><!-- \/.event-four__image -->\n                    <div class=\"event-four__content\">\n                        <h3 class=\"event-four__title\"><a href=\"\">Liana Vourakis<\/a><\/h3><!-- \/.event-four__title -->\n            \t\t\t                        <p class=\"extra event-four__list list-unstyled\"><p class=\"translation-block\">Liana Vourakis appartient \u00e0 la troisi\u00e8me g\u00e9n\u00e9ration d'une famille de bijoutiers qui domine le march\u00e9 grec depuis 1926. Gr\u00e2ce \u00e0 sa\nconnaissance approfondie du monde de la joaillerie classique, son travail est orn\u00e9 de magnifiques pierres pr\u00e9cieuses et semi-pr\u00e9cieuses,qui font souvent allusion \u00e0 une recherche int\u00e9rieure de la signification\ndes mythes et des contes de f\u00e9es.\nParall\u00e8lement \u00e0 sa collection de bijoux, elle a d\u00e9velopp\u00e9 une gamme de cadeaux pr\u00e9cieux et une collection de table inspir\u00e9es des riches\ntraditions grecques et m\u00e9diterran\u00e9ennes, de sa culture et du mondemagique des symboles..<\/p>\n<\/p>\n\t\t\t\t\t\t<!-- <ul class=\"event-four__list list-unstyled\">\n                            <li>\n                                <span>Date &amp; Time<\/span>\n                                <p><i class=\"fa fa-clock-o\"><\/i> , <\/p>\n                            <\/li>\n                            <li>\n                                <span>Location<\/span>\n                                <p><i class=\"fa fa-location-arrow\"><\/i> <\/p>\n                            <\/li>\n                        <\/ul>--> <!-- \/.event-four__list -->\n                        <a href=\"https:\/\/instagram.com\/lianavourakisofficial?igshid=MzRlODBiNWFlZA==\" target=\"_blank\" class=\"thm-btn event-four__btn\"><i class=\"fa fa-instagram\" style=\"vertical-align: text-bottom;\"><\/i> Instagram<\/a>\n                    <\/div><!-- \/.event-four__content -->\n                <\/div><!-- \/.event-four__single -->\n            <\/div><!-- \/.col-lg-6 col-md-6 -->\n                        <div class=\"col-lg-6 col-md-6 col-sm-12\">\n                <div class=\"event-four__single\">\n                    <div class=\"event-four__image\">\n                        <img loading=\"lazy\" decoding=\"async\" width=\"570\" height=\"429\" src=\"https:\/\/monacomediterranee.mc\/wp-content\/uploads\/2023\/07\/66EADDAC-3033-46B0-946A-39BAE9D8AA88-e1689588126147-570x429.jpeg\" class=\"attachment-egypt_570x429 size-egypt_570x429 wp-post-image\" alt=\"\" srcset=\"https:\/\/monacomediterranee.mc\/wp-content\/uploads\/2023\/07\/66EADDAC-3033-46B0-946A-39BAE9D8AA88-e1689588126147-570x429.jpeg 570w, https:\/\/monacomediterranee.mc\/wp-content\/uploads\/2023\/07\/66EADDAC-3033-46B0-946A-39BAE9D8AA88-e1689588126147-15x12.jpeg 15w\" sizes=\"auto, (max-width: 570px) 100vw, 570px\" \/>                                                <span class=\"event-four__cat\">Edition 2023, Greece<\/span>\n                    <\/div><!-- \/.event-four__image -->\n                    <div class=\"event-four__content\">\n                        <h3 class=\"event-four__title\"><a href=\"\">Faos<\/a><\/h3><!-- \/.event-four__title -->\n            \t\t\t                        <p class=\"extra event-four__list list-unstyled\"><p>Faos est une marque de lunettes de soleil grecque en plein essor qui propose au march\u00e9 une approche fra\u00eeche et nuanc\u00e9e de l'exp\u00e9rience grecque. Inspir\u00e9e par les beaut\u00e9s connues et inconnues de leur pays, leur vision est de les promouvoir dans le monde entier, ainsi que de cr\u00e9er une connexion et une compr\u00e9hension plus profondes avec les\ncompatriotes et les autres personnes vivant en Gr\u00e8ce. Con\u00e7ue et fabriqu\u00e9e en Gr\u00e8ce, la marque n'utilise que des mati\u00e8res premi\u00e8res exceptionnelles, des verres de haute qualit\u00e9 et des fournisseurs conscients.<\/p>\n<\/p>\n\t\t\t\t\t\t<!-- <ul class=\"event-four__list list-unstyled\">\n                            <li>\n                                <span>Date &amp; Time<\/span>\n                                <p><i class=\"fa fa-clock-o\"><\/i> , <\/p>\n                            <\/li>\n                            <li>\n                                <span>Location<\/span>\n                                <p><i class=\"fa fa-location-arrow\"><\/i> <\/p>\n                            <\/li>\n                        <\/ul>--> <!-- \/.event-four__list -->\n                        <a href=\"https:\/\/instagram.com\/faosconcept?igshid=NTc4MTIwNjQ2YQ==\" target=\"_blank\" class=\"thm-btn event-four__btn\"><i class=\"fa fa-instagram\" style=\"vertical-align: text-bottom;\"><\/i> Instagram<\/a>\n                    <\/div><!-- \/.event-four__content -->\n                <\/div><!-- \/.event-four__single -->\n            <\/div><!-- \/.col-lg-6 col-md-6 -->\n                        <div class=\"col-lg-6 col-md-6 col-sm-12\">\n                <div class=\"event-four__single\">\n                    <div class=\"event-four__image\">\n                        <img loading=\"lazy\" decoding=\"async\" width=\"570\" height=\"429\" src=\"https:\/\/monacomediterranee.mc\/wp-content\/uploads\/2023\/07\/37AA2E9D-88A3-44AE-B3C3-3439128E93BA-570x429.jpeg\" class=\"attachment-egypt_570x429 size-egypt_570x429 wp-post-image\" alt=\"\" \/>                                                <span class=\"event-four__cat\">Edition 2023, Greece<\/span>\n                    <\/div><!-- \/.event-four__image -->\n                    <div class=\"event-four__content\">\n                        <h3 class=\"event-four__title\"><a href=\"\">Zoek<\/a><\/h3><!-- \/.event-four__title -->\n            \t\t\t                        <p class=\"extra event-four__list list-unstyled\"><p class=\"translation-block\">Zoe Keros est une globe trotteuse et une passionn\u00e9e de style\nbas\u00e9e \u00e0 Ath\u00e8nes et \u00e0 New York.\nElle a transform\u00e9 sa sp\u00e9cialisation dans la mode et\nl'entreprenariat pour cr\u00e9er des vestes peintes \u00e0 la main avec des\nmessages puissants, des textures distinctives et du style.\n\u00c0 l'instar de la cr\u00e9atrice elle-m\u00eame, ZoeK est amusante, vibrante\net d\u00e9bordante d'\u00e9nergie. Sa personnalit\u00e9 transpara\u00eet\nindubitablement dans chaque v\u00eatement.<\/p>\n<\/p>\n\t\t\t\t\t\t<!-- <ul class=\"event-four__list list-unstyled\">\n                            <li>\n                                <span>Date &amp; Time<\/span>\n                                <p><i class=\"fa fa-clock-o\"><\/i> , <\/p>\n                            <\/li>\n                            <li>\n                                <span>Location<\/span>\n                                <p><i class=\"fa fa-location-arrow\"><\/i> <\/p>\n                            <\/li>\n                        <\/ul>--> <!-- \/.event-four__list -->\n                        <a href=\"https:\/\/instagram.com\/madebyzoek?igshid=MzRlODBiNWFlZA==\" target=\"_blank\" class=\"thm-btn event-four__btn\"><i class=\"fa fa-instagram\" style=\"vertical-align: text-bottom;\"><\/i> Instagram<\/a>\n                    <\/div><!-- \/.event-four__content -->\n                <\/div><!-- \/.event-four__single -->\n            <\/div><!-- \/.col-lg-6 col-md-6 -->\n                        <div class=\"col-lg-6 col-md-6 col-sm-12\">\n                <div class=\"event-four__single\">\n                    <div class=\"event-four__image\">\n                        <img loading=\"lazy\" decoding=\"async\" width=\"570\" height=\"429\" src=\"https:\/\/monacomediterranee.mc\/wp-content\/uploads\/2023\/07\/IMG_0469-570x429.jpg\" class=\"attachment-egypt_570x429 size-egypt_570x429 wp-post-image\" alt=\"\" \/>                                                <span class=\"event-four__cat\">Edition 2023, Greece<\/span>\n                    <\/div><!-- \/.event-four__image -->\n                    <div class=\"event-four__content\">\n                        <h3 class=\"event-four__title\"><a href=\"\">Entropia<\/a><\/h3><!-- \/.event-four__title -->\n            \t\t\t                        <p class=\"extra event-four__list list-unstyled\"><p>Boutique de courtage \u00e9tablie en 2012 et bas\u00e9e \u00e0 Monaco, Entropia Yachting va au-del\u00e0 de la vente et de l'affr\u00e8tement. Notre expertise comprend les solutions \u00e9cologiques, l'art physique, les NFT, le transport de yachts, les tenders et les jouets.<\/p>\n<\/p>\n\t\t\t\t\t\t<!-- <ul class=\"event-four__list list-unstyled\">\n                            <li>\n                                <span>Date &amp; Time<\/span>\n                                <p><i class=\"fa fa-clock-o\"><\/i> , <\/p>\n                            <\/li>\n                            <li>\n                                <span>Location<\/span>\n                                <p><i class=\"fa fa-location-arrow\"><\/i> <\/p>\n                            <\/li>\n                        <\/ul>--> <!-- \/.event-four__list -->\n                        <a href=\"https:\/\/instagram.com\/entropiamc?igshid=MzRlODBiNWFlZA==\" target=\"_blank\" class=\"thm-btn event-four__btn\"><i class=\"fa fa-instagram\" style=\"vertical-align: text-bottom;\"><\/i> Instagram<\/a>\n                    <\/div><!-- \/.event-four__content -->\n                <\/div><!-- \/.event-four__single -->\n            <\/div><!-- \/.col-lg-6 col-md-6 -->\n                        <div class=\"col-lg-6 col-md-6 col-sm-12\">\n                <div class=\"event-four__single\">\n                    <div class=\"event-four__image\">\n                        <img loading=\"lazy\" decoding=\"async\" width=\"570\" height=\"429\" src=\"https:\/\/monacomediterranee.mc\/wp-content\/uploads\/2023\/07\/IMG_0530-570x429.jpg\" class=\"attachment-egypt_570x429 size-egypt_570x429 wp-post-image\" alt=\"\" \/>                                                <span class=\"event-four__cat\">Edition 2023, Greece<\/span>\n                    <\/div><!-- \/.event-four__image -->\n                    <div class=\"event-four__content\">\n                        <h3 class=\"event-four__title\"><a href=\"\">Communaut\u00e9 Hell\u00e9nique de Monaco<\/a><\/h3><!-- \/.event-four__title -->\n            \t\t\t                        <p class=\"extra event-four__list list-unstyled\"><p>La Communaut\u00e9 Hell\u00e9nique de Monaco a \u00e9t\u00e9 cr\u00e9\u00e9e pour tous les membres qui souhaitent \u00e9changer des points de vue, des id\u00e9es, des informations sur la vie \u00e0 Monaco, la vie sociale et professionnelle et promouvoir les valeurs grecques aupr\u00e8s des Grecs et des amis de la Gr\u00e8ce. La Communaut\u00e9 Hell\u00e9nique de Monaco restera fid\u00e8le \u00e0 son principe directeur et mettra en valeur la culture grecque en faisant vivre le village grec pendant le Salon.<\/p>\n<\/p>\n\t\t\t\t\t\t<!-- <ul class=\"event-four__list list-unstyled\">\n                            <li>\n                                <span>Date &amp; Time<\/span>\n                                <p><i class=\"fa fa-clock-o\"><\/i> , <\/p>\n                            <\/li>\n                            <li>\n                                <span>Location<\/span>\n                                <p><i class=\"fa fa-location-arrow\"><\/i> <\/p>\n                            <\/li>\n                        <\/ul>--> <!-- \/.event-four__list -->\n                        <a href=\"https:\/\/instagram.com\/ekmchm52?igshid=MzRlODBiNWFlZA==\" target=\"_blank\" class=\"thm-btn event-four__btn\"><i class=\"fa fa-instagram\" style=\"vertical-align: text-bottom;\"><\/i> Instagram<\/a>\n                    <\/div><!-- \/.event-four__content -->\n                <\/div><!-- \/.event-four__single -->\n            <\/div><!-- \/.col-lg-6 col-md-6 -->\n                        <div class=\"col-lg-6 col-md-6 col-sm-12\">\n                <div class=\"event-four__single\">\n                    <div class=\"event-four__image\">\n                        <img loading=\"lazy\" decoding=\"async\" width=\"570\" height=\"429\" src=\"https:\/\/monacomediterranee.mc\/wp-content\/uploads\/2023\/09\/D607CB69-8445-4C7B-B0B5-A0438DAA1137-570x429.jpeg\" class=\"attachment-egypt_570x429 size-egypt_570x429 wp-post-image\" alt=\"\" \/>                                                <span class=\"event-four__cat\">Edition 2023, Greece<\/span>\n                    <\/div><!-- \/.event-four__image -->\n                    <div class=\"event-four__content\">\n                        <h3 class=\"event-four__title\"><a href=\"\">Anemos<\/a><\/h3><!-- \/.event-four__title -->\n            \t\t\t                        <p class=\"extra event-four__list list-unstyled\"><p>ANEMOS est la principale entreprise de vente au d\u00e9tail de textiles d'int\u00e9rieur en Gr\u00e8ce, r\u00e9put\u00e9e pour la diversit\u00e9 de ses mod\u00e8les modernes et classiques r\u00e9pondant \u00e0 des normes de qualit\u00e9 \u00e9lev\u00e9es, ainsi que pour la disponibilit\u00e9 de produits \"sur mesure\" pour tous les foyers. La production a lieu principalement \u00e0 Ath\u00e8nes, en Gr\u00e8ce, avec des \u00e9quipements sp\u00e9cialis\u00e9s, tels que des machines pour l'impression num\u00e9rique et des machines pour une vari\u00e9t\u00e9 de coutures fines, ce qui permet la fabrication d'un nombre illimit\u00e9 de mod\u00e8les pour les go\u00fbts modernes et classiques. ANEMOS vend \u00e9galement des articles exclusivement d\u00e9coratifs pour une maison \u00e9l\u00e9gante et confortable, tels que des lampes et des abat-jour, des petits tapis, des verres et de la porcelaine, des cadres et des miroirs, des petits meubles, des parfums d'ambiance et des savons, et surtout des antiquit\u00e9s s\u00e9lectionn\u00e9es comme des meubles.<\/p>\n<\/p>\n\t\t\t\t\t\t<!-- <ul class=\"event-four__list list-unstyled\">\n                            <li>\n                                <span>Date &amp; Time<\/span>\n                                <p><i class=\"fa fa-clock-o\"><\/i> , <\/p>\n                            <\/li>\n                            <li>\n                                <span>Location<\/span>\n                                <p><i class=\"fa fa-location-arrow\"><\/i> <\/p>\n                            <\/li>\n                        <\/ul>--> <!-- \/.event-four__list -->\n                        <a href=\"https:\/\/instagram.com\/anemosgr?igshid=MzRlODBiNWFlZA==\" target=\"_blank\" class=\"thm-btn event-four__btn\"><i class=\"fa fa-instagram\" style=\"vertical-align: text-bottom;\"><\/i> Instagram<\/a>\n                    <\/div><!-- \/.event-four__content -->\n                <\/div><!-- \/.event-four__single -->\n            <\/div><!-- \/.col-lg-6 col-md-6 -->\n                    <\/div><!-- \/.row -->\n        <div class=\"post-pagination post-pagination__two\">\n                    <\/div><!-- \/.post-pagination -->\n    <\/div><!-- \/.container -->\n<\/section><!-- \/.event-four -->\n\n<\/div><\/div><\/div><\/div><\/section><\/p>","protected":false},"excerpt":{"rendered":"","protected":false},"author":1,"featured_media":0,"parent":0,"menu_order":0,"comment_status":"closed","ping_status":"closed","template":"tpl-king_composer.php","meta":{"om_disable_all_campaigns":false,"_monsterinsights_skip_tracking":false,"_monsterinsights_sitenote_active":false,"_monsterinsights_sitenote_note":"","_monsterinsights_sitenote_category":0,"cybocfi_hide_featured_image":"","footnotes":""},"class_list":["post-1007","page","type-page","status-publish","hentry"],"aioseo_notices":[],"_links":{"self":[{"href":"https:\/\/monacomediterranee.mc\/fr\/wp-json\/wp\/v2\/pages\/1007","targetHints":{"allow":["GET"]}}],"collection":[{"href":"https:\/\/monacomediterranee.mc\/fr\/wp-json\/wp\/v2\/pages"}],"about":[{"href":"https:\/\/monacomediterranee.mc\/fr\/wp-json\/wp\/v2\/types\/page"}],"author":[{"embeddable":true,"href":"https:\/\/monacomediterranee.mc\/fr\/wp-json\/wp\/v2\/users\/1"}],"replies":[{"embeddable":true,"href":"https:\/\/monacomediterranee.mc\/fr\/wp-json\/wp\/v2\/comments?post=1007"}],"version-history":[{"count":2,"href":"https:\/\/monacomediterranee.mc\/fr\/wp-json\/wp\/v2\/pages\/1007\/revisions"}],"predecessor-version":[{"id":1009,"href":"https:\/\/monacomediterranee.mc\/fr\/wp-json\/wp\/v2\/pages\/1007\/revisions\/1009"}],"wp:attachment":[{"href":"https:\/\/monacomediterranee.mc\/fr\/wp-json\/wp\/v2\/media?parent=1007"}],"curies":[{"name":"wp","href":"https:\/\/api.w.org\/{rel}","templated":true}]}}