{"id":1010,"date":"2023-07-11T17:28:59","date_gmt":"2023-07-11T17:28:59","guid":{"rendered":"https:\/\/monacomediterranee.mc\/?page_id=1010"},"modified":"2023-07-11T17:29:18","modified_gmt":"2023-07-11T17:29:18","slug":"exposants-morocco","status":"publish","type":"page","link":"https:\/\/monacomediterranee.mc\/fr\/exposants-morocco\/","title":{"rendered":"Maroc"},"content":{"rendered":"<p><section class=\"kc-elm kc-css-182494 kc_row\"><div class=\"kc-row-container\"><div class=\"kc-wrap-columns\"><div class=\"kc-elm kc-css-633873 kc_col-sm-12 kc_column kc_col-sm-12\"><div class=\"kc-col-container\"><!-- Welcome Section -->\n\n<section class=\"event-page-header event-page__two\" >\n    \n    <section class=\"event-sorting event-page-three\">\n        <div class=\"container\">\n        \t<h2 class=\"inner-banner__title\">EXPOSANTS<\/h2><!-- \/.inner-banner__title -->\n\t\t\t<p class=\"inner-banner__text\">Nor again is there anyone who loves pursues or desires obtain.<\/p>\n                    <\/div><!-- \/.container -->\n    <\/section><!-- \/.event-sorting -->\n        <form class=\"collection-search event-page\" action=\"https:\/\/monacomediterranee.mc\/fr\/\" method=\"get\" data-trp-original-action=\"https:\/\/monacomediterranee.mc\/fr\/\">\n    \t<div class=\"container\">\n            <div class=\"inner-container\">\n                <div class=\"collection-search__outer\">\n                    <div class=\"collection-search__field\">\n                        <input type=\"text\" name=\"s\" id=\"s\" placeholder=\"Enter Event\">\n                    <\/div><!-- \/.collection-search__field -->\n                    <div class=\"collection-search__field\">\n                        <select  name='event_category' id='event_category' class='selectpicker'>\n\t<option class=\"level-0\" value=\"exhibitors-page\">Exposants<\/option>\n\t<option class=\"level-0\" value=\"exhibitors-monaco\">Monaco<\/option>\n\t<option class=\"level-0\" value=\"exhibitors-france\">France<\/option>\n\t<option class=\"level-0\" value=\"exhibitors-italy\">Italie<\/option>\n\t<option class=\"level-0\" value=\"exhibitors-lebanon\">Liban<\/option>\n\t<option class=\"level-0\" value=\"exhibitors-greece\">Grece<\/option>\n\t<option class=\"level-0\" value=\"exhibitors-morocco\">Maroc<\/option>\n\t<option class=\"level-0\" value=\"edition-2023\">Edition 2023<\/option>\n<\/select>\n                    <\/div><!-- \/.collection-search__field -->\n                <\/div><!-- \/.collection-search__outer -->\n                <button type=\"submit\" class=\"thm-btn collection-search__btn\">Find Event<\/button>\n            <\/div><!-- \/.inner-container -->\n        <\/div><!-- \/.container -->\n    <input type=\"hidden\" name=\"trp-form-language\" value=\"fr\"\/><\/form><!-- \/.collection-serch -->\n    <\/section><!-- \/.event-page-header --><\/div><\/div><\/div><\/div><\/section><section class=\"kc-elm kc-css-21097 kc_row\"><div class=\"kc-row-container  kc-container\"><div class=\"kc-wrap-columns\"><div class=\"kc-elm kc-css-316686 kc_col-sm-12 kc_column kc_col-sm-12\"><div class=\"kc-col-container\">\n\n<section class=\"event-four\">\n    <div class=\"container\">\n        <div class=\"row\">\n                        <div class=\"col-lg-6 col-md-6 col-sm-12\">\n                <div class=\"event-four__single\">\n                    <div class=\"event-four__image\">\n                        <img loading=\"lazy\" decoding=\"async\" width=\"570\" height=\"429\" src=\"https:\/\/monacomediterranee.mc\/wp-content\/uploads\/2023\/07\/070f7087-457f-4c4d-96af-4026234a2db8-570x429.jpg\" class=\"attachment-egypt_570x429 size-egypt_570x429 wp-post-image\" alt=\"\" \/>                                                <span class=\"event-four__cat\">Edition 2023, Morocco<\/span>\n                    <\/div><!-- \/.event-four__image -->\n                    <div class=\"event-four__content\">\n                        <h3 class=\"event-four__title\"><a href=\"\">Rue Majorelle<\/a><\/h3><!-- \/.event-four__title -->\n            \t\t\t                        <p class=\"extra event-four__list list-unstyled\"><p>Rue Majorelle est un magasin d'artisanat marocain, implant\u00e9 a Saint Tropez. De la Vannerie, de la c\u00e9ramique en passant par la tapisserie tout est regroup\u00e9 dans un seul est m\u00eame endroit. R\u00e9put\u00e9 pour sa richesse, sa diversit\u00e9 et son savoir-faire ancestral. Rue Majorelle s\u2019attache a garder l\u2019\u00e9tique du fait main. Amen\u00e9 a travailler avec des petits artisans aux quatre coins du Maroc chaque pi\u00e8ce est unique et refl\u00e8te la richesse du pays.<\/p>\n<\/p>\n\t\t\t\t\t\t<!-- <ul class=\"event-four__list list-unstyled\">\n                            <li>\n                                <span>Date &amp; Time<\/span>\n                                <p><i class=\"fa fa-clock-o\"><\/i> , <\/p>\n                            <\/li>\n                            <li>\n                                <span>Location<\/span>\n                                <p><i class=\"fa fa-location-arrow\"><\/i> <\/p>\n                            <\/li>\n                        <\/ul>--> <!-- \/.event-four__list -->\n                        <a href=\"https:\/\/instagram.com\/ruemajorelle_sainttropez?igshid=MzRlODBiNWFlZA==\" target=\"_blank\" class=\"thm-btn event-four__btn\"><i class=\"fa fa-instagram\" style=\"vertical-align: text-bottom;\"><\/i> Instagram<\/a>\n                    <\/div><!-- \/.event-four__content -->\n                <\/div><!-- \/.event-four__single -->\n            <\/div><!-- \/.col-lg-6 col-md-6 -->\n                        <div class=\"col-lg-6 col-md-6 col-sm-12\">\n                <div class=\"event-four__single\">\n                    <div class=\"event-four__image\">\n                        <img loading=\"lazy\" decoding=\"async\" width=\"570\" height=\"429\" src=\"https:\/\/monacomediterranee.mc\/wp-content\/uploads\/2023\/07\/IMG_0630-570x429.jpg\" class=\"attachment-egypt_570x429 size-egypt_570x429 wp-post-image\" alt=\"\" \/>                                                <span class=\"event-four__cat\">Edition 2023, Morocco<\/span>\n                    <\/div><!-- \/.event-four__image -->\n                    <div class=\"event-four__content\">\n                        <h3 class=\"event-four__title\"><a href=\"\">Dalinda Ghoul<\/a><\/h3><!-- \/.event-four__title -->\n            \t\t\t                        <p class=\"extra event-four__list list-unstyled\"><p>Dalinda suit les codes de la simplicit\u00e9 moderne dans le monde du design de mode, elle essaie toujours de m\u00e9langer entre l'antiquit\u00e9 du monde arabe avec sa touche authentique et la modernit\u00e9 de la mode europ\u00e9enne avec sa propre touche audacieuse, pour cr\u00e9er sa propre mode, et c'est ce qui lui a valu la confiance de nombreux festivals arabes et internationaux. Les cr\u00e9ations de Dalinda se distinguent par leur soie brod\u00e9e \u00e0 la main par les artisans les plus qualifi\u00e9s et des cr\u00e9ations individuelles uniques pour des demandes sp\u00e9ciales qui n'ont d'\u00e9quivalent dans aucune des maisons de couture internationales, selon le d\u00e9sir du client.<\/p>\n<\/p>\n\t\t\t\t\t\t<!-- <ul class=\"event-four__list list-unstyled\">\n                            <li>\n                                <span>Date &amp; Time<\/span>\n                                <p><i class=\"fa fa-clock-o\"><\/i> , <\/p>\n                            <\/li>\n                            <li>\n                                <span>Location<\/span>\n                                <p><i class=\"fa fa-location-arrow\"><\/i> <\/p>\n                            <\/li>\n                        <\/ul>--> <!-- \/.event-four__list -->\n                        <a href=\"https:\/\/instagram.com\/dalindaghoul_haute_couture?igshid=MzRlODBiNWFlZA==\" target=\"_blank\" class=\"thm-btn event-four__btn\"><i class=\"fa fa-instagram\" style=\"vertical-align: text-bottom;\"><\/i> Instagram<\/a>\n                    <\/div><!-- \/.event-four__content -->\n                <\/div><!-- \/.event-four__single -->\n            <\/div><!-- \/.col-lg-6 col-md-6 -->\n                        <div class=\"col-lg-6 col-md-6 col-sm-12\">\n                <div class=\"event-four__single\">\n                    <div class=\"event-four__image\">\n                        <img loading=\"lazy\" decoding=\"async\" width=\"570\" height=\"429\" src=\"https:\/\/monacomediterranee.mc\/wp-content\/uploads\/2023\/08\/F78293A7-BF46-4C8F-9195-B272C5C9C01F-570x429.jpeg\" class=\"attachment-egypt_570x429 size-egypt_570x429 wp-post-image\" alt=\"\" \/>                                                <span class=\"event-four__cat\">Edition 2023, Morocco<\/span>\n                    <\/div><!-- \/.event-four__image -->\n                    <div class=\"event-four__content\">\n                        <h3 class=\"event-four__title\"><a href=\"\">Rosa Damaskina<\/a><\/h3><!-- \/.event-four__title -->\n            \t\t\t                        <p class=\"extra event-four__list list-unstyled\"><p>Situ\u00e9e dans la r\u00e9gion de La vall\u00e9e des roses, sur la ville de Tinghir, la coop\u00e9rative rosa Damaskina est une coop\u00e9rative sp\u00e9cialis\u00e9e dans la production et la commercialisation de la Rose \u00e0 parfum et des autres produits d\u00e9riv\u00e9s.<\/p>\n<\/p>\n\t\t\t\t\t\t<!-- <ul class=\"event-four__list list-unstyled\">\n                            <li>\n                                <span>Date &amp; Time<\/span>\n                                <p><i class=\"fa fa-clock-o\"><\/i> , <\/p>\n                            <\/li>\n                            <li>\n                                <span>Location<\/span>\n                                <p><i class=\"fa fa-location-arrow\"><\/i> <\/p>\n                            <\/li>\n                        <\/ul>--> <!-- \/.event-four__list -->\n                        <a href=\"\" target=\"_blank\" class=\"thm-btn event-four__btn\"><i class=\"fa fa-instagram\" style=\"vertical-align: text-bottom;\"><\/i> Instagram<\/a>\n                    <\/div><!-- \/.event-four__content -->\n                <\/div><!-- \/.event-four__single -->\n            <\/div><!-- \/.col-lg-6 col-md-6 -->\n                        <div class=\"col-lg-6 col-md-6 col-sm-12\">\n                <div class=\"event-four__single\">\n                    <div class=\"event-four__image\">\n                        <img loading=\"lazy\" decoding=\"async\" width=\"570\" height=\"398\" src=\"https:\/\/monacomediterranee.mc\/wp-content\/uploads\/2023\/08\/593DB56A-5FE0-49CE-9939-0F0CFF2EBBE4-570x398.jpeg\" class=\"attachment-egypt_570x429 size-egypt_570x429 wp-post-image\" alt=\"\" \/>                                                <span class=\"event-four__cat\">Edition 2023, Morocco<\/span>\n                    <\/div><!-- \/.event-four__image -->\n                    <div class=\"event-four__content\">\n                        <h3 class=\"event-four__title\"><a href=\"\">Silya Cosmetic<\/a><\/h3><!-- \/.event-four__title -->\n            \t\t\t                        <p class=\"extra event-four__list list-unstyled\"><p>La marque SILYA Cosmetic a \u00e9t\u00e9 cr\u00e9\u00e9e apr\u00e8s plusieurs ann\u00e9es de recherche, leurs Directrice, a parcouru toutes les mers comme Marco Polo pour vous proposer une gamme compl\u00e8te de produits cosm\u00e9tiques bio, v\u00e9gan, naturels, \u00ab Italie, Espagne, Maroc, Etats Unis, Isra\u00ebl, Asie, Afrique, l\u2019Inde, ainsi que des accessoires, accessibles \u00e0 toutes les femmes. SILYA Cosmetic est une marque qui propose une large gamme de produits Biologiques, V\u00e9gan et Naturels, dans un seul but : pr\u00e9server l'environnement.<\/p>\n<\/p>\n\t\t\t\t\t\t<!-- <ul class=\"event-four__list list-unstyled\">\n                            <li>\n                                <span>Date &amp; Time<\/span>\n                                <p><i class=\"fa fa-clock-o\"><\/i> , <\/p>\n                            <\/li>\n                            <li>\n                                <span>Location<\/span>\n                                <p><i class=\"fa fa-location-arrow\"><\/i> <\/p>\n                            <\/li>\n                        <\/ul>--> <!-- \/.event-four__list -->\n                        <a href=\"\" target=\"_blank\" class=\"thm-btn event-four__btn\"><i class=\"fa fa-instagram\" style=\"vertical-align: text-bottom;\"><\/i> Instagram<\/a>\n                    <\/div><!-- \/.event-four__content -->\n                <\/div><!-- \/.event-four__single -->\n            <\/div><!-- \/.col-lg-6 col-md-6 -->\n                        <div class=\"col-lg-6 col-md-6 col-sm-12\">\n                <div class=\"event-four__single\">\n                    <div class=\"event-four__image\">\n                        <img loading=\"lazy\" decoding=\"async\" width=\"570\" height=\"429\" src=\"https:\/\/monacomediterranee.mc\/wp-content\/uploads\/2023\/08\/59262C66-C598-493F-8FD6-3C7A250AA789-570x429.jpeg\" class=\"attachment-egypt_570x429 size-egypt_570x429 wp-post-image\" alt=\"\" \/>                                                <span class=\"event-four__cat\">Edition 2023, Morocco<\/span>\n                    <\/div><!-- \/.event-four__image -->\n                    <div class=\"event-four__content\">\n                        <h3 class=\"event-four__title\"><a href=\"\">Berber Designers<\/a><\/h3><!-- \/.event-four__title -->\n            \t\t\t                        <p class=\"extra event-four__list list-unstyled\"><p>Berber Designers est une soci\u00e9t\u00e9 sp\u00e9cialis\u00e9e dans la d\u00e9coration artisanale et ethnique berb\u00e8re s\u2019appuyant sur un mod\u00e8le \u00e9conomique \u00e9co-responsable et solidaire. C\u2019est en ce sens qu\u2019est n\u00e9e en 2017 notre coop\u00e9rative de tisseuses dans le Moyen Atlas marocain. Aujourd\u2019hui, ils collaborent avec plus de 20 tisseuses et autres artisans (potier, vannier, dinandier...) scrupuleusement s\u00e9lectionn\u00e9s pour leurs comp\u00e9tences, leurs valeurs et leurs visions du Maroc. Pr\u00e9server les traditions, mettre en lumi\u00e8re le fait-main marocain et cr\u00e9er de l\u2019emploi, voici le leitmotiv de Berber Designers. Leur produit phare est le tapis berb\u00e8re : B\u00e9ni Ouarain , Chekhmiya ou Azilal et ils sont sp\u00e9cialis\u00e9s dans le sur-mesure afin de s\u2019adapter aux besoins de chacun.<\/p>\n<\/p>\n\t\t\t\t\t\t<!-- <ul class=\"event-four__list list-unstyled\">\n                            <li>\n                                <span>Date &amp; Time<\/span>\n                                <p><i class=\"fa fa-clock-o\"><\/i> , <\/p>\n                            <\/li>\n                            <li>\n                                <span>Location<\/span>\n                                <p><i class=\"fa fa-location-arrow\"><\/i> <\/p>\n                            <\/li>\n                        <\/ul>--> <!-- \/.event-four__list -->\n                        <a href=\"https:\/\/instagram.com\/berber_designers?igshid=MzRlODBiNWFlZA==\" target=\"_blank\" class=\"thm-btn event-four__btn\"><i class=\"fa fa-instagram\" style=\"vertical-align: text-bottom;\"><\/i> Instagram<\/a>\n                    <\/div><!-- \/.event-four__content -->\n                <\/div><!-- \/.event-four__single -->\n            <\/div><!-- \/.col-lg-6 col-md-6 -->\n                        <div class=\"col-lg-6 col-md-6 col-sm-12\">\n                <div class=\"event-four__single\">\n                    <div class=\"event-four__image\">\n                        <img loading=\"lazy\" decoding=\"async\" width=\"570\" height=\"429\" src=\"https:\/\/monacomediterranee.mc\/wp-content\/uploads\/2023\/08\/090FAD60-8B7E-4BC5-A827-A9D99BD9C7AB-570x429.jpeg\" class=\"attachment-egypt_570x429 size-egypt_570x429 wp-post-image\" alt=\"\" \/>                                                <span class=\"event-four__cat\">Edition 2023, Morocco<\/span>\n                    <\/div><!-- \/.event-four__image -->\n                    <div class=\"event-four__content\">\n                        <h3 class=\"event-four__title\"><a href=\"\">Perle du D\u00e9sert<\/a><\/h3><!-- \/.event-four__title -->\n            \t\t\t                        <p class=\"extra event-four__list list-unstyled\"><p>Bienvenue chez Perle du D\u00e9sert, entreprise familial o\u00f9 l'art de la p\u00e2tisserie marocaine prend vie ! Leur entreprise est n\u00e9e de la passion pour les d\u00e9lices sucr\u00e9s et parfum\u00e9s qui caract\u00e9risent la gastronomie du Maroc. Une histoire d'amour pour la cuisine marocaine et une invitation \u00e0 partager un moment d\u00e9licieux avec ceux qui vous sont chers. Rejoignez-les dans cette aventure gustative et laissez-les envo\u00fbter par la richesse de la p\u00e2tisserie marocaine chez Perle du D\u00e9sert.<\/p>\n<\/p>\n\t\t\t\t\t\t<!-- <ul class=\"event-four__list list-unstyled\">\n                            <li>\n                                <span>Date &amp; Time<\/span>\n                                <p><i class=\"fa fa-clock-o\"><\/i> , <\/p>\n                            <\/li>\n                            <li>\n                                <span>Location<\/span>\n                                <p><i class=\"fa fa-location-arrow\"><\/i> <\/p>\n                            <\/li>\n                        <\/ul>--> <!-- \/.event-four__list -->\n                        <a href=\"https:\/\/instagram.com\/perledudesert.var?igshid=MzRlODBiNWFlZA==\" target=\"_blank\" class=\"thm-btn event-four__btn\"><i class=\"fa fa-instagram\" style=\"vertical-align: text-bottom;\"><\/i> Instagram<\/a>\n                    <\/div><!-- \/.event-four__content -->\n                <\/div><!-- \/.event-four__single -->\n            <\/div><!-- \/.col-lg-6 col-md-6 -->\n                        <div class=\"col-lg-6 col-md-6 col-sm-12\">\n                <div class=\"event-four__single\">\n                    <div class=\"event-four__image\">\n                        <img loading=\"lazy\" decoding=\"async\" width=\"570\" height=\"429\" src=\"https:\/\/monacomediterranee.mc\/wp-content\/uploads\/2023\/09\/D8C90CD6-C279-4813-B0FB-69D6F665F120-570x429.jpeg\" class=\"attachment-egypt_570x429 size-egypt_570x429 wp-post-image\" alt=\"\" \/>                                                <span class=\"event-four__cat\">Edition 2023, Morocco<\/span>\n                    <\/div><!-- \/.event-four__image -->\n                    <div class=\"event-four__content\">\n                        <h3 class=\"event-four__title\"><a href=\"\">Chahd Store<\/a><\/h3><!-- \/.event-four__title -->\n            \t\t\t                        <p class=\"extra event-four__list list-unstyled\"><p>Chahd vous pr\u00e9sente des cr\u00e9ations authentiques r\u00e9alis\u00e9es par des artisans talentueux du Maroc, alliant savoir-faire traditionnel et design contemporain. De magnifiques tapis berb\u00e8res tiss\u00e9s \u00e0 la main, de la vaisselle\u00a0 superbement orn\u00e9es, des bijoux d\u00e9licats et bien d'autres\u00a0articles qui vous emm\u00e8neront dans un voyage f\u00e9erique \u00e0 travers les artisans et leurs\u00a0savoir-faire.<\/p>\n<\/p>\n\t\t\t\t\t\t<!-- <ul class=\"event-four__list list-unstyled\">\n                            <li>\n                                <span>Date &amp; Time<\/span>\n                                <p><i class=\"fa fa-clock-o\"><\/i> , <\/p>\n                            <\/li>\n                            <li>\n                                <span>Location<\/span>\n                                <p><i class=\"fa fa-location-arrow\"><\/i> <\/p>\n                            <\/li>\n                        <\/ul>--> <!-- \/.event-four__list -->\n                        <a href=\"https:\/\/instagram.com\/chahd.shope.store?igshid=MzRlODBiNWFlZA==\" target=\"_blank\" class=\"thm-btn event-four__btn\"><i class=\"fa fa-instagram\" style=\"vertical-align: text-bottom;\"><\/i> Instagram<\/a>\n                    <\/div><!-- \/.event-four__content -->\n                <\/div><!-- \/.event-four__single -->\n            <\/div><!-- \/.col-lg-6 col-md-6 -->\n                        <div class=\"col-lg-6 col-md-6 col-sm-12\">\n                <div class=\"event-four__single\">\n                    <div class=\"event-four__image\">\n                        <img loading=\"lazy\" decoding=\"async\" width=\"570\" height=\"429\" src=\"https:\/\/monacomediterranee.mc\/wp-content\/uploads\/2023\/09\/D092750D-C87E-4523-AD66-8D0678C8E4AE-570x429.jpeg\" class=\"attachment-egypt_570x429 size-egypt_570x429 wp-post-image\" alt=\"\" \/>                                                <span class=\"event-four__cat\">Edition 2023, Morocco<\/span>\n                    <\/div><!-- \/.event-four__image -->\n                    <div class=\"event-four__content\">\n                        <h3 class=\"event-four__title\"><a href=\"\">Beldi Corner<\/a><\/h3><!-- \/.event-four__title -->\n            \t\t\t                        <p class=\"extra event-four__list list-unstyled\"><p>Beldi corner, est l'ambassadrice\u00a0 de la tenue Marocaine\u00a0 par excellence, c'est l\u00e0 o\u00f9 vous trouverez toute sorte de tenue traditionnelle de la\u00a0Jellabas\u00a0, Caftans pour\u00a0 tous vos \u00e9v\u00e9nements; Alliant le traditionnel avec\u00a0 les derni\u00e8res tendances de la mode internationale,Beldi corner vous offre la meilleure combinaison qui vous garantit un voyage dans le temps tout en restant\u00a0 styl\u00e9e et \u00e9l\u00e9gante.\u00a0Si vous cherchez, un caftan, ne pensez pas deux fois c'est chez Beldi CORNER que vous trouverez votre bonheur.<\/p>\n<\/p>\n\t\t\t\t\t\t<!-- <ul class=\"event-four__list list-unstyled\">\n                            <li>\n                                <span>Date &amp; Time<\/span>\n                                <p><i class=\"fa fa-clock-o\"><\/i> , <\/p>\n                            <\/li>\n                            <li>\n                                <span>Location<\/span>\n                                <p><i class=\"fa fa-location-arrow\"><\/i> <\/p>\n                            <\/li>\n                        <\/ul>--> <!-- \/.event-four__list -->\n                        <a href=\"https:\/\/instagram.com\/beldi_corner_?igshid=MzRlODBiNWFlZA==\" target=\"_blank\" class=\"thm-btn event-four__btn\"><i class=\"fa fa-instagram\" style=\"vertical-align: text-bottom;\"><\/i> Instagram<\/a>\n                    <\/div><!-- \/.event-four__content -->\n                <\/div><!-- \/.event-four__single -->\n            <\/div><!-- \/.col-lg-6 col-md-6 -->\n                    <\/div><!-- \/.row -->\n        <div class=\"post-pagination post-pagination__two\">\n                    <\/div><!-- \/.post-pagination -->\n    <\/div><!-- \/.container -->\n<\/section><!-- \/.event-four -->\n\n<\/div><\/div><\/div><\/div><\/section><\/p>","protected":false},"excerpt":{"rendered":"","protected":false},"author":1,"featured_media":0,"parent":0,"menu_order":0,"comment_status":"closed","ping_status":"closed","template":"tpl-king_composer.php","meta":{"om_disable_all_campaigns":false,"_monsterinsights_skip_tracking":false,"_monsterinsights_sitenote_active":false,"_monsterinsights_sitenote_note":"","_monsterinsights_sitenote_category":0,"cybocfi_hide_featured_image":"","footnotes":""},"class_list":["post-1010","page","type-page","status-publish","hentry"],"aioseo_notices":[],"_links":{"self":[{"href":"https:\/\/monacomediterranee.mc\/fr\/wp-json\/wp\/v2\/pages\/1010","targetHints":{"allow":["GET"]}}],"collection":[{"href":"https:\/\/monacomediterranee.mc\/fr\/wp-json\/wp\/v2\/pages"}],"about":[{"href":"https:\/\/monacomediterranee.mc\/fr\/wp-json\/wp\/v2\/types\/page"}],"author":[{"embeddable":true,"href":"https:\/\/monacomediterranee.mc\/fr\/wp-json\/wp\/v2\/users\/1"}],"replies":[{"embeddable":true,"href":"https:\/\/monacomediterranee.mc\/fr\/wp-json\/wp\/v2\/comments?post=1010"}],"version-history":[{"count":2,"href":"https:\/\/monacomediterranee.mc\/fr\/wp-json\/wp\/v2\/pages\/1010\/revisions"}],"predecessor-version":[{"id":1012,"href":"https:\/\/monacomediterranee.mc\/fr\/wp-json\/wp\/v2\/pages\/1010\/revisions\/1012"}],"wp:attachment":[{"href":"https:\/\/monacomediterranee.mc\/fr\/wp-json\/wp\/v2\/media?parent=1010"}],"curies":[{"name":"wp","href":"https:\/\/api.w.org\/{rel}","templated":true}]}}