{"id":424,"date":"2020-01-16T11:53:14","date_gmt":"2020-01-16T11:53:14","guid":{"rendered":"http:\/\/el.commonsupport.com\/newwp\/egypt\/?page_id=424"},"modified":"2023-07-17T19:18:40","modified_gmt":"2023-07-17T19:18:40","slug":"become-an-exhibitor-of-monaco-mediterranee","status":"publish","type":"page","link":"https:\/\/monacomediterranee.mc\/fr\/become-an-exhibitor-of-monaco-mediterranee\/","title":{"rendered":"Devenir exposant"},"content":{"rendered":"<p><section class=\"kc-elm kc-css-789485 kc_row\"><div class=\"kc-row-container  kc-container\"><div class=\"kc-wrap-columns\"><div class=\"kc-elm kc-css-444544 kc_col-sm-12 kc_column kc_col-sm-12\"><div class=\"kc-col-container\">\n<div class=\"kc-elm kc-css-406065 kc-title-wrap\">\n\n\t<h2 class=\"kc_title cta-one__title\">POURQUOI DEVENIR EXPOSANT ?<\/h2>\n<\/div>\n<\/div><\/div><\/div><\/div><\/section><section class=\"kc-elm kc-css-489109 kc_row\"><div class=\"kc-row-container  kc-container\"><div class=\"kc-wrap-columns\"><div class=\"kc-elm kc-css-196146 kc_col-sm-12 kc_column kc_col-sm-12\"><div class=\"kc-col-container\"><div class=\"kc-elm kc-css-972228 kc_text_block cta-one__content cta-one__text\"><\/p>\n<p>Vous \u00eates un professionnel dont l'activit\u00e9 est au c\u0153ur de l'espace m\u00e9diterran\u00e9en ?<\/p>\n<p>Exposer au salon MONACO MEDITERRANEE, c'est s'assurer une visibilit\u00e9\noptimale tout en valorisant votre expertise aupr\u00e8s d'un large public.<\/p>\n<p>Notre exp\u00e9rience\nnous permet de vous offrir un v\u00e9ritable confort d'exposition, notamment\nl\u2019am\u00e9nagement du stand, la s\u00e9curit\u00e9, le stockage des marchandises et l\u2019accueil des\nvisiteurs.<\/p>\n<p>Nos \u00e9quipes et nos prestataires sont \u00e0 votre service pendant toute la dur\u00e9e\ndu salon. Constamment \u00e0 la recherche de nouveaut\u00e9s, nous veillons \u00e0 la qualit\u00e9 des<br \/>\nproduits propos\u00e9s : notre public est essentiellement compos\u00e9 d'experts.<\/p>\n<p>\n<\/div><\/div><\/div><\/div><\/div><\/section><section class=\"kc-elm kc-css-382483 kc-animated kc-animate-eff-fadeInUp kc_row\"><div class=\"kc-row-container  kc-container\"><div class=\"kc-wrap-columns\"><div class=\"kc-elm kc-css-917795 kc_col-sm-12 kc_column kc_col-sm-12\"><div class=\"kc-col-container\">\n<div class=\"kc-elm kc-css-360694 kc-title-wrap\">\n\n\t<h2 class=\"kc_title cta-one__title\">POINTS CLE<\/h2>\n<\/div>\n<\/div><\/div><\/div><\/div><\/section><section class=\"kc-elm kc-css-281508 kc_row\"><div class=\"kc-row-container  kc-container\"><div class=\"kc-wrap-columns\"><div class=\"kc-elm kc-css-555242 kc_col-sm-4 kc_column kc_col-sm-4\"><div class=\"kc-col-container\"><div class=\"kc-elm kc-css-652990 kc_text_block\"><\/p>\n<h5 style=\"text-align: center; font-weight: bolder; color: #e21e27;\">QUOI ?<\/h5>\n<p style=\"text-align: center;\">Le premier \u00e9v\u00e9nement mondial r\u00e9unissant les acteurs m\u00e9diterran\u00e9ens de plusieurs\nsecteurs pour promouvoir des solutions \u00e0 un avenir meilleur.<\/p>\n<p>\n<\/div><\/div><\/div><div class=\"kc-elm kc-css-769367 kc_col-sm-4 kc_column kc_col-sm-4\"><div class=\"kc-col-container\"><div class=\"kc-elm kc-css-397216 kc_text_block\"><\/p>\n<h5 style=\"text-align: center; font-weight: bolder; color: #e21e27;\">POUR QUI ?<\/h5>\n<p style=\"text-align: center;\">Les visiteurs, d\u00e9sireux de d\u00e9couvrir la culture m\u00e9diterran\u00e9enne \u00e0 travers la\ngastronomie, l'art et la mode.<\/p>\n<p>\n<\/div><\/div><\/div><div class=\"kc-elm kc-css-494844 kc_col-sm-4 kc_column kc_col-sm-4\"><div class=\"kc-col-container\"><div class=\"kc-elm kc-css-958420 kc_text_block\"><\/p>\n<h5 style=\"text-align: center; font-weight: bolder; color: #e21e27;\">POUR QUI ?<\/h5>\n<p style=\"text-align: center;\">Les exposants repr\u00e9sentant la diversit\u00e9 de leurs cultures.<\/p>\n<p>\n<\/div><\/div><\/div><\/div><\/div><\/section><section class=\"kc-elm kc-css-649753 kc_row\"><div class=\"kc-row-container  kc-container\"><div class=\"kc-wrap-columns\"><div class=\"kc-elm kc-css-158791 kc_col-sm-12 kc_column kc_col-sm-12\"><div class=\"kc-col-container\"><div class=\"kc-elm kc-css-572066 kc_text_block\"><\/p>\n<h5 style=\"text-align: center; font-weight: bolder; color: #e21e27;\">OBJECTIFS ?<\/h5>\n<ul class=\"list-unstyled cta-one__list\">\n<li style=\"text-align: left;\"><i class=\"egypt-icon-check\"><\/i>D\u00e9fendre les int\u00e9r\u00eats de nos entreprises, source de croissance \u00e9conomique et\nd'emplois qualifi\u00e9s.<\/li>\n<li style=\"text-align: left;\"><i class=\"egypt-icon-check\"><\/i>Promouvoir nos savoir-faire et d\u00e9velopper notre comp\u00e9titivit\u00e9<\/li>\n<li style=\"text-align: left;\"><i class=\"egypt-icon-check\"><\/i>Promouvoir les circuits courts locaux et favoriser les opportunit\u00e9s d'affaires<\/li>\n<li style=\"text-align: left;\"><i class=\"egypt-icon-check\"><\/i>Pr\u00e9parer et accompagner la mutation des entreprises vers l'industrie du futur et la\ntransition \u00e9cologique.<\/li>\n<\/ul>\n<p>\n<\/div><\/div><\/div><\/div><\/div><\/section><section class=\"kc-elm kc-css-45507 kc_row\"><div class=\"kc-row-container  kc-container\"><div class=\"kc-wrap-columns\"><div class=\"kc-elm kc-css-177805 kc_col-sm-12 kc_column kc_col-sm-12\"><div class=\"kc-col-container\"><\/div><\/div><\/div><\/div><\/section><section class=\"kc-elm kc-css-51721 kc_row\"><div class=\"kc-row-container  kc-container\"><div class=\"kc-wrap-columns\"><div class=\"kc-elm kc-css-902816 kc_col-sm-12 kc_column kc_col-sm-12\"><div class=\"kc-col-container\">\n<div class=\"kc-elm kc-css-744681 kc-animated kc-animate-eff-fadeInDown kc-title-wrap\">\n\n\t<h2 class=\"kc_title\">Partenaires Officiels<\/h2>\n<\/div>\n<\/div><\/div><\/div><\/div><\/section><section data-kc-fullwidth=\"row\" class=\"kc-elm kc-css-114993 kc-animated kc-animate-eff-fadeInUp kc_row\"><div class=\"kc-row-container  kc-container\"><div class=\"kc-wrap-columns\"><div class=\"kc-elm kc-css-968345 kc_col-of-5 kc_column kc_col-of-5\"><div class=\"kc-col-container\"><div class=\"kc-elm kc-css-284991 kc-animated kc-animate-eff-fadeInUp kc_shortcode kc_single_image\">\n\n        <img decoding=\"async\" src=\"https:\/\/monacomediterranee.mc\/wp-content\/uploads\/2023\/07\/Mairie_monaco_quadri-Vectorise-CMJN-01-300x142.png\" class=\"\" alt=\"Mairie de Monaco\" \/>    <\/div>\n<\/div><\/div><div class=\"kc-elm kc-css-157822 kc_col-of-5 kc_column kc_col-of-5\"><div class=\"kc-col-container\"><div class=\"kc-elm kc-css-157053 kc-animated kc-animate-eff-fadeInDown kc_shortcode kc_single_image\">\n\n        <img decoding=\"async\" src=\"https:\/\/monacomediterranee.mc\/wp-content\/uploads\/2023\/07\/communaute-hellenique-de-monaco-300x167.jpg\" class=\"\" alt=\"communaute hellenique de monaco\" \/>    <\/div>\n<\/div><\/div><div class=\"kc-elm kc-css-801567 kc_col-of-5 kc_column kc_col-of-5\"><div class=\"kc-col-container\"><div class=\"kc-elm kc-css-745516 kc-animated kc-animate-eff-fadeInUp kc_shortcode kc_single_image\">\n\n        <img decoding=\"async\" src=\"https:\/\/monacomediterranee.mc\/wp-content\/uploads\/2023\/07\/Logo-Monte_Carlo_Festivals_New-300x164.jpg\" class=\"\" alt=\"Monte Carlo Festivals\" \/>    <\/div>\n<\/div><\/div><div class=\"kc-elm kc-css-967442 kc_col-of-5 kc_column kc_col-of-5\"><div class=\"kc-col-container\"><div class=\"kc-elm kc-css-570226 kc-animated kc-animate-eff-fadeInDown kc_shortcode kc_single_image\">\n\n        <img decoding=\"async\" src=\"https:\/\/monacomediterranee.mc\/wp-content\/uploads\/2023\/07\/CMC_Logo_Blue_RGB-300x147.png\" class=\"\" alt=\"Columbus Monte Carlo\" \/>    <\/div>\n<\/div><\/div><div class=\"kc-elm kc-css-247764 kc_col-of-5 kc_column kc_col-of-5\"><div class=\"kc-col-container\"><div class=\"kc-elm kc-css-24369 kc-animated kc-animate-eff-fadeInUp kc_shortcode kc_single_image\">\n\n        <img decoding=\"async\" src=\"https:\/\/monacomediterranee.mc\/wp-content\/uploads\/2023\/07\/Logo1-300x212.jpg\" class=\"\" alt=\"Nova-Azur Technology\" \/>    <\/div>\n<\/div><\/div><\/div><\/div><\/section><section class=\"kc-elm kc-css-528544 kc_row\"><div class=\"kc-row-container  kc-container\"><div class=\"kc-wrap-columns\"><div class=\"kc-elm kc-css-912828 kc_col-sm-12 kc_column kc_col-sm-12\"><div class=\"kc-col-container\">\n<div class=\"kc-elm kc-css-629432 kc-animated kc-animate-eff-fadeInDown kc-title-wrap\">\n\n\t<h2 class=\"kc_title\">Organisateur<\/h2>\n<\/div>\n<\/div><\/div><\/div><\/div><\/section><section class=\"kc-elm kc-css-923329 kc-animated kc-animate-eff-flipInY kc_row\"><div class=\"kc-row-container  kc-container\"><div class=\"kc-wrap-columns\"><div class=\"kc-elm kc-css-586075 kc_col-sm-12 kc_column kc_col-sm-12\"><div class=\"kc-col-container\"><div class=\"kc-elm kc-css-926728 kc-animated kc-animate-eff-fadeInRight kc_shortcode kc_single_image\">\n\n        <img decoding=\"async\" src=\"https:\/\/monacomediterranee.mc\/wp-content\/uploads\/2023\/07\/geo-monte-carolo-300x188.jpg\" class=\"\" alt=\"\" \/>    <\/div>\n<\/div><\/div><\/div><\/div><\/section><\/p>","protected":false},"excerpt":{"rendered":"","protected":false},"author":1,"featured_media":0,"parent":0,"menu_order":0,"comment_status":"closed","ping_status":"closed","template":"tpl-king_composer.php","meta":{"om_disable_all_campaigns":false,"_monsterinsights_skip_tracking":false,"_monsterinsights_sitenote_active":false,"_monsterinsights_sitenote_note":"","_monsterinsights_sitenote_category":0,"cybocfi_hide_featured_image":"","footnotes":""},"class_list":["post-424","page","type-page","status-publish","hentry"],"aioseo_notices":[],"_links":{"self":[{"href":"https:\/\/monacomediterranee.mc\/fr\/wp-json\/wp\/v2\/pages\/424","targetHints":{"allow":["GET"]}}],"collection":[{"href":"https:\/\/monacomediterranee.mc\/fr\/wp-json\/wp\/v2\/pages"}],"about":[{"href":"https:\/\/monacomediterranee.mc\/fr\/wp-json\/wp\/v2\/types\/page"}],"author":[{"embeddable":true,"href":"https:\/\/monacomediterranee.mc\/fr\/wp-json\/wp\/v2\/users\/1"}],"replies":[{"embeddable":true,"href":"https:\/\/monacomediterranee.mc\/fr\/wp-json\/wp\/v2\/comments?post=424"}],"version-history":[{"count":41,"href":"https:\/\/monacomediterranee.mc\/fr\/wp-json\/wp\/v2\/pages\/424\/revisions"}],"predecessor-version":[{"id":1386,"href":"https:\/\/monacomediterranee.mc\/fr\/wp-json\/wp\/v2\/pages\/424\/revisions\/1386"}],"wp:attachment":[{"href":"https:\/\/monacomediterranee.mc\/fr\/wp-json\/wp\/v2\/media?parent=424"}],"curies":[{"name":"wp","href":"https:\/\/api.w.org\/{rel}","templated":true}]}}